{"id":53,"date":"2023-07-19T13:31:59","date_gmt":"2023-07-19T13:31:59","guid":{"rendered":"https:\/\/cutthatnoise.ch\/?page_id=53"},"modified":"2023-07-19T13:31:59","modified_gmt":"2023-07-19T13:31:59","slug":"impressum","status":"publish","type":"page","link":"https:\/\/cutthatnoise.ch\/?page_id=53","title":{"rendered":"impressum"},"content":{"rendered":"<p class=\"auto-style39\"><span class=\"auto-style17\"><strong>Verantwortilch f\u00fcr den Inhalt:<\/strong><\/span><br class=\"auto-style17\" \/><span class=\"auto-style17\">cut that noise &#8211; <\/span><span class=\"auto-style17\">digital music label<\/span><br class=\"auto-style17\" \/><span class=\"auto-style17\">CH-6210 Sursee<\/span><br class=\"auto-style17\" \/>\u00a0<br class=\"auto-style17\" \/><span class=\"auto-style17\"><strong>Programmierung, Webmaster:<\/strong><\/span><br class=\"auto-style17\" \/><span class=\"auto-style17\">cutthatnoise.ch<\/span><\/p>\n<p class=\"auto-style39\"><br class=\"auto-style17\" \/><span class=\"auto-style17\"><strong>Rechtliches<\/strong><\/span><br class=\"auto-style17\" \/><br class=\"auto-style17\" \/><span class=\"auto-style17\">1. Zweck<\/span><br class=\"auto-style17\" \/><span class=\"auto-style17\">Die Website der cutthatnoise.ch, CH-6210 Sursee (nachstehend: \u00abcutthatnoise\u00bb) wie auch die darin enthaltenen und referenzierten Informationen dienen ausschliesslich Informationszwecken.<\/span><br class=\"auto-style17\" \/><br class=\"auto-style17\" \/><span class=\"auto-style17\">2. Urheberrecht<\/span><br class=\"auto-style17\" \/><span class=\"auto-style17\">Jegliche Wiedergabe, Weiter\u00fcbertragung oder sonstiger Gebrauch der Information auf dieser Website ist untersagt.\u00a0<\/span><br class=\"auto-style17\" \/><br class=\"auto-style17\" \/><span class=\"auto-style17\">3. Enthaftung<\/span><br class=\"auto-style17\" \/><span class=\"auto-style17\">cutthatnoise bem\u00fcht sich um richtige und aktualisierte Informationen auf ihrer Website. Indes \u00fcbernimmt cutthatnoise keinerlei Garantien oder Zusicherungen betr. Richtigkeit, Vollst\u00e4ndigkeit, Tauglichkeit etc. der in der Website enthaltenen bzw. referenzierten Informationen. Der Zugang und die Benutzung der Website wie auch jeder darin enthaltenen bzw. referenzierten Informationen geschehen in der alleinigen Verantwortung des Benutzers. Weder cutthatnoise noch irgendeine Person oder ein Unternehmen, welches bei der Herstellung, bei der Informationseingabe oder bei der Informationsweitergabe dieser Website involviert sind, sind in irgendwelcher Art und Weise haftbar f\u00fcr irgendwelche Sch\u00e4den im Zusammenhang mit dem Zugang, der Benutzung wie auch allf\u00e4lligen St\u00f6rungen bei der Ben\u00fctzung oder irgendwelchen Irrt\u00fcmern oder Unterlassungen betr. den Inhalt der Website.<\/span><br class=\"auto-style17\" \/><br class=\"auto-style17\" \/><span class=\"auto-style17\">Des weiteren ist cutthatnoise nicht verantwortlich f\u00fcr allf\u00e4llige unangemessene, nutzlose oder nachteilige Investitionen oder Aufwendungen im Zusammenhang mit dem Zugang, dem Gebrauch oder allf\u00e4lligen St\u00f6rungen im Gebrauch der Website.\u00a0<\/span><br class=\"auto-style17\" \/><br class=\"auto-style17\" \/><br class=\"auto-style17\" \/><span class=\"auto-style17\">4. \u00c4nderungen<\/span><br class=\"auto-style17\" \/><span class=\"auto-style17\">cutthatnoise beh\u00e4lt sich das Recht vor, jederzeit aus welchem Grund und in welcher Art auch immer den Inhalt dieser Website ohne vorgehende Ank\u00fcndigung zu \u00e4ndern, insbesondere auch die darin erw\u00e4hnten Ausr\u00fcstungen, Produkte, Spezifikationen, Preise und\/oder Verf\u00fcgbarkeit.<\/span><br class=\"auto-style17\" \/><span class=\"auto-style17\">cutthatnoise lehnt jegliche Verantwortung ab f\u00fcr irgendwelche Folgen aus solchen \u00c4nderungen.\u00a0<\/span><br class=\"auto-style17\" \/><br class=\"auto-style17\" \/><br class=\"auto-style17\" \/><span class=\"auto-style17\">5. Anwendbares Recht<\/span><br class=\"auto-style17\" \/><span class=\"auto-style17\">Inhalt und Gebrauch dieser Website sind in jeglicher Hinsicht schweizerischem Recht unterworfen. Ist ein Passus dieser Rechtsgrunds\u00e4tze ung\u00fcltig, so bleiben die Rechtsgrunds\u00e4tze insgesamt unangetastet g\u00fcltig.<\/span><\/p>\n","protected":false},"excerpt":{"rendered":"<p>Verantwortilch f\u00fcr den Inhalt:cut that noise &#8211; digital music labelCH-6210 Sursee\u00a0Programmierung, Webmaster:cutthatnoise.ch Rechtliches1. ZweckDie Website der cutthatnoise.ch, CH-6210 Sursee (nachstehend: \u00abcutthatnoise\u00bb) wie auch die darin enthaltenen und referenzierten Informationen dienen ausschliesslich Informationszwecken.2. UrheberrechtJegliche Wiedergabe, Weiter\u00fcbertragung oder sonstiger Gebrauch der Information auf dieser Website ist untersagt.\u00a03. Enthaftungcutthatnoise bem\u00fcht sich um richtige und aktualisierte Informationen auf ihrer [&hellip;]<\/p>\n","protected":false},"author":1,"featured_media":0,"parent":0,"menu_order":0,"comment_status":"closed","ping_status":"closed","template":"","meta":{"footnotes":""},"class_list":["post-53","page","type-page","status-publish","hentry"],"_links":{"self":[{"href":"https:\/\/cutthatnoise.ch\/index.php?rest_route=\/wp\/v2\/pages\/53","targetHints":{"allow":["GET"]}}],"collection":[{"href":"https:\/\/cutthatnoise.ch\/index.php?rest_route=\/wp\/v2\/pages"}],"about":[{"href":"https:\/\/cutthatnoise.ch\/index.php?rest_route=\/wp\/v2\/types\/page"}],"author":[{"embeddable":true,"href":"https:\/\/cutthatnoise.ch\/index.php?rest_route=\/wp\/v2\/users\/1"}],"replies":[{"embeddable":true,"href":"https:\/\/cutthatnoise.ch\/index.php?rest_route=%2Fwp%2Fv2%2Fcomments&post=53"}],"version-history":[{"count":3,"href":"https:\/\/cutthatnoise.ch\/index.php?rest_route=\/wp\/v2\/pages\/53\/revisions"}],"predecessor-version":[{"id":59,"href":"https:\/\/cutthatnoise.ch\/index.php?rest_route=\/wp\/v2\/pages\/53\/revisions\/59"}],"wp:attachment":[{"href":"https:\/\/cutthatnoise.ch\/index.php?rest_route=%2Fwp%2Fv2%2Fmedia&parent=53"}],"curies":[{"name":"wp","href":"https:\/\/api.w.org\/{rel}","templated":true}]}}